{"id":786,"date":"2018-05-18T12:26:51","date_gmt":"2018-05-18T10:26:51","guid":{"rendered":"http:\/\/www.brunnervielharmonie.at\/?page_id=786"},"modified":"2018-05-18T12:29:53","modified_gmt":"2018-05-18T10:29:53","slug":"datenschutz","status":"publish","type":"page","link":"http:\/\/www.brunnervielharmonie.at\/?page_id=786","title":{"rendered":"Datenschutz"},"content":{"rendered":"<p>[et_pb_section admin_label=&#8221;section&#8221; fullwidth=&#8221;on&#8221; specialty=&#8221;off&#8221; transparent_background=&#8221;off&#8221; allow_player_pause=&#8221;off&#8221; inner_shadow=&#8221;off&#8221; parallax=&#8221;off&#8221; parallax_method=&#8221;off&#8221; padding_mobile=&#8221;off&#8221; make_fullwidth=&#8221;off&#8221; use_custom_width=&#8221;off&#8221; width_unit=&#8221;on&#8221; make_equal=&#8221;off&#8221; use_custom_gutter=&#8221;off&#8221;][et_pb_fullwidth_slider admin_label=&#8221;Fullwidth Slider&#8221; show_arrows=&#8221;on&#8221; show_pagination=&#8221;on&#8221; auto=&#8221;off&#8221; parallax=&#8221;off&#8221; auto_ignore_hover=&#8221;off&#8221; parallax_method=&#8221;off&#8221; remove_inner_shadow=&#8221;off&#8221; background_position=&#8221;default&#8221; background_size=&#8221;default&#8221; hide_content_on_mobile=&#8221;off&#8221; hide_cta_on_mobile=&#8221;off&#8221; show_image_video_mobile=&#8221;off&#8221; custom_button=&#8221;off&#8221; button_letter_spacing=&#8221;0&#8243; button_use_icon=&#8221;default&#8221; button_icon_placement=&#8221;right&#8221; button_on_hover=&#8221;on&#8221; button_letter_spacing_hover=&#8221;0&#8243;] [et_pb_slide heading=&#8221;Datenschutz&#8221; background_image=&#8221;http:\/\/www.brunnervielharmonie.at\/wp-content\/uploads\/2016\/10\/10531463_692861777474766_582921611620992521n.jpg&#8221; background_color=&#8221;#ffffff&#8221; alignment=&#8221;center&#8221; background_layout=&#8221;dark&#8221; background_position=&#8221;default&#8221; background_size=&#8221;default&#8221; use_bg_overlay=&#8221;off&#8221; use_text_overlay=&#8221;off&#8221; allow_player_pause=&#8221;off&#8221; text_border_radius=&#8221;3&#8243; header_font_select=&#8221;default&#8221; header_font=&#8221;||||&#8221; body_font_select=&#8221;default&#8221; body_font=&#8221;||||&#8221; custom_button=&#8221;off&#8221; button_font_select=&#8221;default&#8221; button_font=&#8221;||||&#8221; button_use_icon=&#8221;default&#8221; button_icon_placement=&#8221;right&#8221; button_on_hover=&#8221;on&#8221;] [\/et_pb_slide] [\/et_pb_fullwidth_slider][\/et_pb_section][et_pb_section admin_label=&#8221;section&#8221;][et_pb_row admin_label=&#8221;row&#8221;][et_pb_column type=&#8221;4_4&#8243;][et_pb_text admin_label=&#8221;Text&#8221; background_layout=&#8221;light&#8221; text_orientation=&#8221;left&#8221; use_border_color=&#8221;off&#8221; border_color=&#8221;#ffffff&#8221; border_style=&#8221;solid&#8221;]<\/p>\n<div id=\"main-content\">\n<article id=\"post-28766\" class=\"post-28766 page type-page status-publish hentry\">\n<div class=\"entry-content\">\n<div class=\"et_pb_section et_pb_section_0 et_section_regular\">\n<div class=\" et_pb_row et_pb_row_0\">\n<div class=\"et_pb_column et_pb_column_4_4 et_pb_column_0\">\n<div class=\"et_pb_text et_pb_module et_pb_bg_layout_light et_pb_text_align_center et_pb_text_1\">\n<div class=\" et_pb_row et_pb_row_0\">\n<div class=\"et_pb_column et_pb_column_4_4 et_pb_column_0\">\n<div class=\"et_pb_text et_pb_module et_pb_bg_layout_light et_pb_text_align_left et_pb_text_0\">\n<p style=\"text-align: center;\">Der Schutz Ihrer pers\u00f6nlichen Daten ist uns ein besonderes Anliegen. Wir verarbeiten Ihre Daten daher ausschlie\u00dflich auf Grundlage der gesetzlichen Bestimmungen (DSGVO, TKG 2003). In diesen Datenschutzinformationen informieren wir Sie \u00fcber die wichtigsten Aspekte der Datenverarbeitung im Rahmen unserer Website.<\/p>\n<\/div>\n<div style=\"text-align: center;\"><\/div>\n<div class=\"et_pb_text et_pb_module et_pb_bg_layout_light et_pb_text_align_left et_pb_text_0\" style=\"text-align: center;\"><b>Zu welchen Zwecken setzen wir Cookies ein?<\/b><\/div>\n<\/div>\n<div style=\"text-align: center;\">\n<p>Wir setzen auf unserer Website Cookies ein. Sie dienen dazu, unsere Website nutzerfreundlich, effektiv und sicher zu machen. Cookies sind kleine Textdateien, die lokal im Zwischenspeicher des Internet-Browsers des Websitebenutzers gespeichert werden. Cookies erm\u00f6glichen uns, Ihren Computer wieder zu erkennen, wenn Sie auf unsere Website zur\u00fcckkehren und dadurch Informationen \u00fcber Ihre bevorzugten Aktivit\u00e4ten auf der Website zu speichern und so unsere Website an Ihren individuellen Interessen auszurichten und die Geschwindigkeit der Abwicklung ihrer Anfragen zu beschleunigen. Ein Cookie enth\u00e4lt in der Regel den Namen der Domain, von der die Cookie-Daten gesendet wurden sowie Informationen \u00fcber das Alter des Cookies und ein alphanumerisches Identifizierungszeichen (\u201cCookie-ID\u201d). Es erfolgt keine Zuordnung zu Ihnen pers\u00f6nlich, eine Zusammenf\u00fchrung der Cookie-ID mit Ihrem Namen, Ihrer IP-Adresse oder mit \u00e4hnlichen Daten, die eine Zuordnung des Cookies zu Ihnen erm\u00f6glichen w\u00fcrden, erfolgt nicht.<\/p>\n<p>Einige Cookies bleiben auf Ihrem Endger\u00e4t gespeichert, bis Sie diese l\u00f6schen. Sie erm\u00f6glichen es uns, Ihren Browser beim n\u00e4chsten Besuch wiederzuerkennen. Unsere Cookies richten auf Ihrem Rechner keinen Schaden an.<\/p>\n<p><b>Was m\u00fcssen Sie tun, wenn keine Cookies gesetzt werden sollen?<\/b><\/p>\n<p>Sie k\u00f6nnen die Installation der Cookies durch eine entsprechende Einstellung Ihrer Browser Software verhindern. Nat\u00fcrlich k\u00f6nnen Sie Cookies jederzeit \u00fcber die entsprechende Browserfunktion l\u00f6schen. Wenn Sie Cookies l\u00f6schen oder ihren Browser so einstellen, dass er Cookies ablehnt, kann dies die Funktion der Website beeintr\u00e4chtigen. Wenn Sie nur unsere eigenen Cookies, nicht aber die Cookies unserer Dienstleister und Partner akzeptieren wollen, k\u00f6nnen Sie die Einstellung in Ihrem Browser \u201cCookies von Drittanbietern blockieren\u201d w\u00e4hlen.<\/p>\n<p id=\"10\"><b>Ihre Rechte<\/b><\/p>\n<p>Ihnen stehen grunds\u00e4tzlich die Rechte auf Auskunft, Berichtigung, L\u00f6schung, Einschr\u00e4nkung, Daten\u00fcbertragbarkeit, Widerruf und Widerspruch zu. Wenn Sie glauben, dass die Verarbeitung Ihrer Daten gegen das Datenschutzrecht verst\u00f6\u00dft oder Ihre datenschutzrechtlichen Anspr\u00fcche sonst in einer Weise verletzt worden sind, k\u00f6nnen Sie sich bei der Aufsichtsbeh\u00f6rde beschweren. In \u00d6sterreich ist dies die Datenschutzbeh\u00f6rde.<\/p>\n<\/div>\n<\/div>\n<\/div>\n<\/div>\n<\/div>\n<\/div>\n<\/div>\n<\/article>\n<\/div>\n<p>[\/et_pb_text][\/et_pb_column][\/et_pb_row][\/et_pb_section]<\/p>\n","protected":false},"excerpt":{"rendered":"<p>Der Schutz Ihrer pers\u00f6nlichen Daten ist uns ein besonderes Anliegen. Wir verarbeiten Ihre Daten daher ausschlie\u00dflich auf Grundlage der gesetzlichen Bestimmungen (DSGVO, TKG 2003). In diesen Datenschutzinformationen informieren wir Sie \u00fcber die wichtigsten Aspekte der Datenverarbeitung im Rahmen unserer Website. Zu welchen Zwecken setzen wir Cookies ein? Wir setzen auf unserer Website Cookies ein. Sie [&hellip;]<\/p>\n","protected":false},"author":2,"featured_media":0,"parent":0,"menu_order":0,"comment_status":"closed","ping_status":"closed","template":"","meta":{"_et_pb_use_builder":"on","_et_pb_old_content":"","_et_gb_content_width":""},"amp_enabled":true,"_links":{"self":[{"href":"http:\/\/www.brunnervielharmonie.at\/index.php?rest_route=\/wp\/v2\/pages\/786"}],"collection":[{"href":"http:\/\/www.brunnervielharmonie.at\/index.php?rest_route=\/wp\/v2\/pages"}],"about":[{"href":"http:\/\/www.brunnervielharmonie.at\/index.php?rest_route=\/wp\/v2\/types\/page"}],"author":[{"embeddable":true,"href":"http:\/\/www.brunnervielharmonie.at\/index.php?rest_route=\/wp\/v2\/users\/2"}],"replies":[{"embeddable":true,"href":"http:\/\/www.brunnervielharmonie.at\/index.php?rest_route=%2Fwp%2Fv2%2Fcomments&post=786"}],"version-history":[{"count":5,"href":"http:\/\/www.brunnervielharmonie.at\/index.php?rest_route=\/wp\/v2\/pages\/786\/revisions"}],"predecessor-version":[{"id":790,"href":"http:\/\/www.brunnervielharmonie.at\/index.php?rest_route=\/wp\/v2\/pages\/786\/revisions\/790"}],"wp:attachment":[{"href":"http:\/\/www.brunnervielharmonie.at\/index.php?rest_route=%2Fwp%2Fv2%2Fmedia&parent=786"}],"curies":[{"name":"wp","href":"https:\/\/api.w.org\/{rel}","templated":true}]}}