{"id":127,"date":"2016-10-17T14:06:17","date_gmt":"2016-10-17T12:06:17","guid":{"rendered":"http:\/\/www.brunnervielharmonie.at\/?page_id=127"},"modified":"2017-01-29T16:06:07","modified_gmt":"2017-01-29T15:06:07","slug":"ueber-uns","status":"publish","type":"page","link":"http:\/\/www.brunnervielharmonie.at\/?page_id=127","title":{"rendered":"\u00dcber uns"},"content":{"rendered":"<p>[et_pb_section admin_label=&#8221;section&#8221; fullwidth=&#8221;on&#8221; specialty=&#8221;off&#8221; transparent_background=&#8221;off&#8221; allow_player_pause=&#8221;off&#8221; inner_shadow=&#8221;off&#8221; parallax=&#8221;off&#8221; parallax_method=&#8221;off&#8221; padding_mobile=&#8221;off&#8221; make_fullwidth=&#8221;off&#8221; use_custom_width=&#8221;off&#8221; width_unit=&#8221;on&#8221; make_equal=&#8221;off&#8221; use_custom_gutter=&#8221;off&#8221;][et_pb_fullwidth_slider admin_label=&#8221;Fullwidth Slider&#8221; show_arrows=&#8221;on&#8221; show_pagination=&#8221;on&#8221; auto=&#8221;off&#8221; parallax=&#8221;off&#8221; auto_ignore_hover=&#8221;off&#8221; parallax_method=&#8221;off&#8221; remove_inner_shadow=&#8221;off&#8221; background_position=&#8221;default&#8221; background_size=&#8221;default&#8221; hide_content_on_mobile=&#8221;off&#8221; hide_cta_on_mobile=&#8221;off&#8221; show_image_video_mobile=&#8221;off&#8221; custom_button=&#8221;off&#8221; button_letter_spacing=&#8221;0&#8243; button_use_icon=&#8221;default&#8221; button_icon_placement=&#8221;right&#8221; button_on_hover=&#8221;on&#8221; button_letter_spacing_hover=&#8221;0&#8243;] [et_pb_slide heading=&#8221;\u00dcber uns&#8221; button_link=&#8221;https:\/\/elegantthemes.com\/preview\/Divi2\/fullwidth-grid\/&#8221; background_image=&#8221;http:\/\/www.brunnervielharmonie.at\/wp-content\/uploads\/2016\/10\/10531463_692861777474766_582921611620992521n.jpg&#8221; background_color=&#8221;#ffffff&#8221; alignment=&#8221;center&#8221; background_layout=&#8221;dark&#8221; background_position=&#8221;default&#8221; background_size=&#8221;default&#8221; use_bg_overlay=&#8221;off&#8221; use_text_overlay=&#8221;off&#8221; allow_player_pause=&#8221;off&#8221; text_border_radius=&#8221;3&#8243; header_font_select=&#8221;default&#8221; header_font=&#8221;||||&#8221; body_font_select=&#8221;default&#8221; body_font=&#8221;||||&#8221; custom_button=&#8221;off&#8221; button_font_select=&#8221;default&#8221; button_font=&#8221;||||&#8221; button_use_icon=&#8221;default&#8221; button_icon_placement=&#8221;right&#8221; button_on_hover=&#8221;on&#8221;] [\/et_pb_slide] [\/et_pb_fullwidth_slider][\/et_pb_section][et_pb_section admin_label=&#8221;Sektion&#8221; fullwidth=&#8221;off&#8221; specialty=&#8221;off&#8221; transparent_background=&#8221;off&#8221; allow_player_pause=&#8221;off&#8221; inner_shadow=&#8221;off&#8221; parallax=&#8221;off&#8221; parallax_method=&#8221;off&#8221; custom_padding=&#8221;||0px|&#8221; padding_mobile=&#8221;off&#8221; make_fullwidth=&#8221;off&#8221; use_custom_width=&#8221;off&#8221; width_unit=&#8221;on&#8221; make_equal=&#8221;off&#8221; use_custom_gutter=&#8221;off&#8221;][et_pb_row admin_label=&#8221;Zeile&#8221; make_fullwidth=&#8221;on&#8221; use_custom_width=&#8221;off&#8221; width_unit=&#8221;on&#8221; use_custom_gutter=&#8221;on&#8221; padding_mobile=&#8221;off&#8221; allow_player_pause=&#8221;off&#8221; parallax=&#8221;off&#8221; parallax_method=&#8221;off&#8221; make_equal=&#8221;off&#8221; parallax_1=&#8221;off&#8221; parallax_method_1=&#8221;off&#8221; column_padding_mobile=&#8221;on&#8221; custom_padding=&#8221;||0px|&#8221; gutter_width=&#8221;1&#8243;][et_pb_column type=&#8221;4_4&#8243;][et_pb_blurb admin_label=&#8221;Informationstext&#8221; url_new_window=&#8221;off&#8221; use_icon=&#8221;off&#8221; icon_color=&#8221;#2ea3f2&#8243; use_circle=&#8221;off&#8221; circle_color=&#8221;#2ea3f2&#8243; use_circle_border=&#8221;off&#8221; circle_border_color=&#8221;#2ea3f2&#8243; icon_placement=&#8221;top&#8221; animation=&#8221;top&#8221; background_layout=&#8221;light&#8221; text_orientation=&#8221;center&#8221; use_icon_font_size=&#8221;off&#8221; use_border_color=&#8221;off&#8221; border_color=&#8221;#ffffff&#8221; border_style=&#8221;solid&#8221; body_line_height=&#8221;1.7000000000000002em&#8221; image=&#8221;http:\/\/www.brunnervielharmonie.at\/wp-content\/uploads\/2016\/10\/DSCF3645-1.jpg&#8221;]<\/p>\n<h2>Brunner Vielharmonie<\/h2>\n<p>Der Verein &#8220;Brunner Vielharmonie&#8221; wurde am 30. M\u00e4rz 1999 in Brunn am Gebirge gegr\u00fcndet. Sein erster Obmann war Axel Ramerseder, sein erster musikalischer Leiter\u00a0Dr. Fritz Kranzelmayer. Der junge Verein gab sein Deb\u00fctkonzert\u00a0am 15. November 1999 im damaligen Festsaal der Marktgemeinde Brunn.<\/p>\n<p>In der nunmehr 17-j\u00e4hrigen Geschichte des Vereins gab es mehrere Obmannwechsel: ab 2003 leitete\u00a0Monika Spiegelhofer, \u00a0ab 2011 Kurt Bruckner und nun ab 2016 Johannes Mantler die Geschicke des Vereins.<\/p>\n<p>Die musikalische Leitung ging von Dr. Kranzelmayer 2011 auf Prof. Franz Bednarik und 2013 auf dessen Sohn Josef (&#8220;Pepi&#8221;) Bednarik \u00fcber.<\/p>\n<p>Unser Probenlokal, in dem auch das Notenarchiv mit \u00fcber 1000 Werken untergebracht ist, befindet sich im Brunner Heimathaus (Gliedererhof), das auch das Rudolf Steiner-Museum beherbergt. Es wird uns von der Marktgemeinde dankenswerterweise unentgeltlich zur Verf\u00fcgung gestellt.<\/p>\n<p><img loading=\"lazy\" class=\"alignnone size-medium wp-image-478\" src=\"http:\/\/www.brunnervielharmonie.at\/wp-content\/uploads\/2016\/11\/Heimathaus-gross-300x169.jpg\" alt=\"heimathaus-gross\" width=\"300\" height=\"169\" srcset=\"http:\/\/www.brunnervielharmonie.at\/wp-content\/uploads\/2016\/11\/Heimathaus-gross-300x169.jpg 300w, http:\/\/www.brunnervielharmonie.at\/wp-content\/uploads\/2016\/11\/Heimathaus-gross.jpg 430w\" sizes=\"(max-width: 300px) 100vw, 300px\" \/><\/p>\n<p>&nbsp;<\/p>\n<p>[\/et_pb_blurb][\/et_pb_column][\/et_pb_row][\/et_pb_section][et_pb_section admin_label=&#8221;Sektion&#8221; fullwidth=&#8221;off&#8221; specialty=&#8221;off&#8221;][et_pb_row admin_label=&#8221;Zeile&#8221;][et_pb_column type=&#8221;4_4&#8243;][et_pb_team_member admin_label=&#8221;Team Member&#8221; animation=&#8221;fade_in&#8221; background_layout=&#8221;dark&#8221; use_border_color=&#8221;off&#8221; border_color=&#8221;#ffffff&#8221; border_style=&#8221;solid&#8221; body_text_color=&#8221;#000000&#8243;]<\/p>\n<p><img loading=\"lazy\" class=\"size-full wp-image-421 aligncenter\" src=\"http:\/\/www.brunnervielharmonie.at\/wp-content\/uploads\/2016\/10\/Bildschirmfoto-2016-11-29-um-09.01.18.jpg\" alt=\"Dr.Fritz Kranzelmayer\" width=\"208\" height=\"320\" srcset=\"http:\/\/www.brunnervielharmonie.at\/wp-content\/uploads\/2016\/10\/Bildschirmfoto-2016-11-29-um-09.01.18.jpg 208w, http:\/\/www.brunnervielharmonie.at\/wp-content\/uploads\/2016\/10\/Bildschirmfoto-2016-11-29-um-09.01.18-195x300.jpg 195w\" sizes=\"(max-width: 208px) 100vw, 208px\" \/><\/p>\n<p style=\"text-align: center;\">Dr. Fritz Kranzelmayer war Dirigent, S\u00e4nger, Entertainer lange bevor es die Brunner Vielharmonie gab. Etwa 50 Jahre seines Lebens widmete Fritz seine Schaffenskraft dem Kirchenorchester Brunn, aus dem 1999 dann unser Verein hervorging, dessen erster musikalischer Leiter er wurde.<\/p>\n<p style=\"text-align: center;\"><img loading=\"lazy\" class=\"alignnone size-full wp-image-428\" src=\"http:\/\/www.brunnervielharmonie.at\/wp-content\/uploads\/2016\/10\/Axel-Ramerseder.jpg\" alt=\"axel-ramerseder\" width=\"320\" height=\"218\" srcset=\"http:\/\/www.brunnervielharmonie.at\/wp-content\/uploads\/2016\/10\/Axel-Ramerseder.jpg 320w, http:\/\/www.brunnervielharmonie.at\/wp-content\/uploads\/2016\/10\/Axel-Ramerseder-300x204.jpg 300w\" sizes=\"(max-width: 320px) 100vw, 320px\" \/><\/p>\n<p style=\"text-align: center;\">Ihm zur Seite stand Axel Ramerseder als Obmann, Pianist und kongenialer Partner. Axel war Obmann von Beginn an bis 2001.<\/p>\n<p style=\"text-align: center;\"><img loading=\"lazy\" class=\"alignnone size-full wp-image-437\" src=\"http:\/\/www.brunnervielharmonie.at\/wp-content\/uploads\/2016\/10\/Monika-Spiegelhofer.jpg\" alt=\"monika-spiegelhofer\" width=\"235\" height=\"320\" srcset=\"http:\/\/www.brunnervielharmonie.at\/wp-content\/uploads\/2016\/10\/Monika-Spiegelhofer.jpg 235w, http:\/\/www.brunnervielharmonie.at\/wp-content\/uploads\/2016\/10\/Monika-Spiegelhofer-220x300.jpg 220w\" sizes=\"(max-width: 235px) 100vw, 235px\" \/><\/p>\n<p style=\"text-align: center;\">Gl\u00fccklicherweise \u00fcbernahm dann 2003 Monika Spiegelhofer als Obfrau die organisatorischen Geschicke des Vereins. Ihr zur Seite stand Kurt Bruckner als Kassier.<\/p>\n<p style=\"text-align: center;\"><img loading=\"lazy\" class=\"alignnone size-full wp-image-422\" src=\"http:\/\/www.brunnervielharmonie.at\/wp-content\/uploads\/2016\/10\/DSC_7381.jpg\" alt=\"Franz Bednarik\" width=\"320\" height=\"213\" srcset=\"http:\/\/www.brunnervielharmonie.at\/wp-content\/uploads\/2016\/10\/DSC_7381.jpg 320w, http:\/\/www.brunnervielharmonie.at\/wp-content\/uploads\/2016\/10\/DSC_7381-300x200.jpg 300w\" sizes=\"(max-width: 320px) 100vw, 320px\" \/><\/p>\n<p style=\"text-align: center;\">Ende 2011 trat Dr. Kranzelmayer aus gesundheitlichen Gr\u00fcnden zur\u00fcck. Eine lange Karriere als musikalischer Leiter ging zu Ende. In dieser kaiserlosen Zeit trat Prof. Franz Bednarik aus den Fu\u00dfstapfen des Tuttigeigers heraus und \u00fcbernahm die musikalische Leitung des Orchesters.<\/p>\n<p style=\"text-align: center;\"><img loading=\"lazy\" class=\"alignnone size-full wp-image-413\" src=\"http:\/\/www.brunnervielharmonie.at\/wp-content\/uploads\/2016\/10\/Kurt-1.jpg\" alt=\"kurt\" width=\"251\" height=\"320\" srcset=\"http:\/\/www.brunnervielharmonie.at\/wp-content\/uploads\/2016\/10\/Kurt-1.jpg 251w, http:\/\/www.brunnervielharmonie.at\/wp-content\/uploads\/2016\/10\/Kurt-1-235x300.jpg 235w\" sizes=\"(max-width: 251px) 100vw, 251px\" \/><\/p>\n<p style=\"text-align: center;\">Ebenfalls 2011 legte Monika Spiegelhofer das Amt des Obmannes zur\u00fcck und ihr folgte Kurt Bruckner als Obmann nach.<\/p>\n<p style=\"text-align: center;\"><img loading=\"lazy\" class=\"alignnone size-full wp-image-423\" src=\"http:\/\/www.brunnervielharmonie.at\/wp-content\/uploads\/2016\/10\/Bruno-Alma-Konzert-080516-2_2.jpg\" alt=\"Josef Bednarik\" width=\"190\" height=\"320\" srcset=\"http:\/\/www.brunnervielharmonie.at\/wp-content\/uploads\/2016\/10\/Bruno-Alma-Konzert-080516-2_2.jpg 190w, http:\/\/www.brunnervielharmonie.at\/wp-content\/uploads\/2016\/10\/Bruno-Alma-Konzert-080516-2_2-178x300.jpg 178w\" sizes=\"(max-width: 190px) 100vw, 190px\" \/><\/p>\n<p style=\"text-align: center;\">2013 \u00fcbergab der Vater dem Sohn Pepi die Stabf\u00fchrung aus gesundheitlichen Gr\u00fcnden. Josef Bednarik, Oboist der Wiener Volksoper, Herausgeber der Wiener Oboenzeitschrift, ein Tausendsassa, der alles am liebsten alleine macht vom Notenorganisieren, -kopieren und -picken bis zur Aktivierung seines Netzwerkes von Musikern, die dann alle beim wohleinstudierten Konzert mitmachen. &#8220;Pepi&#8221; hat z\u00fcndende Ideen, was die aufzuf\u00fchrenden Werke, aber auch originelle Auff\u00fchrungsorte anbelangt. Kinderg\u00e4rten, Schulen, Altersheime, Bahnhofshallen und Konzerts\u00e4le werden von ihm organisiert und wir freuen uns, dort aufspielen zu k\u00f6nnen. Als im Vorjahr gepr\u00fcftem Zugsbegleiterhilfsheizerstellvertretersubstitutengehilfen sind ihm Konzerte am liebsten, die nostalgische Eisenbahn mit Musik verbinden. So geschehen im Herbst 2014 bei der legend\u00e4ren Tristingtaler Zugfahrt mit Konzert in Berndorf.<\/p>\n<p style=\"text-align: center;\"><img loading=\"lazy\" class=\"alignnone size-full wp-image-439\" src=\"http:\/\/www.brunnervielharmonie.at\/wp-content\/uploads\/2016\/10\/Pepi-2014.jpg\" alt=\"pepi-2014\" width=\"213\" height=\"320\" srcset=\"http:\/\/www.brunnervielharmonie.at\/wp-content\/uploads\/2016\/10\/Pepi-2014.jpg 213w, http:\/\/www.brunnervielharmonie.at\/wp-content\/uploads\/2016\/10\/Pepi-2014-200x300.jpg 200w\" sizes=\"(max-width: 213px) 100vw, 213px\" \/><\/p>\n<p style=\"text-align: center;\">Heuer, 2016 \u00fcbergab unser Obmann Kurt Bruckner die F\u00fchrung des Vereins an Johannes Mantler. Kurt ist weiterhin f\u00fcr den Verein als Rechnungspr\u00fcfer t\u00e4tig.<\/p>\n<p style=\"text-align: center;\"><img loading=\"lazy\" class=\"alignnone size-full wp-image-399\" src=\"http:\/\/www.brunnervielharmonie.at\/wp-content\/uploads\/2016\/11\/DSCF3380.jpg\" alt=\"Johannes Mantler\" width=\"240\" height=\"320\" srcset=\"http:\/\/www.brunnervielharmonie.at\/wp-content\/uploads\/2016\/11\/DSCF3380.jpg 240w, http:\/\/www.brunnervielharmonie.at\/wp-content\/uploads\/2016\/11\/DSCF3380-225x300.jpg 225w\" sizes=\"(max-width: 240px) 100vw, 240px\" \/><\/p>\n<p style=\"text-align: center;\">Johannes ist ausgebildeter Geiger, Geigenlehrer, Substitut beim Wiener Staatsopernorchester und seit kurzem in Brunn wohnhaft. Seine Aktivit\u00e4ten beschr\u00e4nken sich nicht nur auf den Kontakt mit der Gemeinde Brunn und der Vereinsbeh\u00f6rde, sondern konzentrieren sich auf geigenspielende Kollegen, Sch\u00fcler und die Musikschule in Brunn.<\/p>\n<p>[\/et_pb_team_member][\/et_pb_column][\/et_pb_row][\/et_pb_section][et_pb_section admin_label=&#8221;Sektion&#8221; fullwidth=&#8221;off&#8221; specialty=&#8221;off&#8221; transparent_background=&#8221;off&#8221; allow_player_pause=&#8221;off&#8221; inner_shadow=&#8221;off&#8221; parallax=&#8221;off&#8221; parallax_method=&#8221;off&#8221; custom_padding=&#8221;||0px|&#8221; padding_mobile=&#8221;off&#8221; make_fullwidth=&#8221;off&#8221; use_custom_width=&#8221;off&#8221; width_unit=&#8221;on&#8221; make_equal=&#8221;off&#8221; use_custom_gutter=&#8221;off&#8221;][et_pb_row admin_label=&#8221;Zeile&#8221; make_fullwidth=&#8221;on&#8221; use_custom_width=&#8221;off&#8221; width_unit=&#8221;off&#8221; use_custom_gutter=&#8221;on&#8221; padding_mobile=&#8221;off&#8221; allow_player_pause=&#8221;off&#8221; parallax=&#8221;off&#8221; parallax_method=&#8221;off&#8221; make_equal=&#8221;off&#8221; parallax_1=&#8221;off&#8221; parallax_method_1=&#8221;off&#8221; column_padding_mobile=&#8221;on&#8221; custom_width_px=&#8221;2600px&#8221; custom_width_percent=&#8221;100%&#8221; gutter_width=&#8221;1&#8243; custom_padding=&#8221;||0px|&#8221;][et_pb_column type=&#8221;4_4&#8243;][et_pb_map admin_label=&#8221;Karte&#8221; address=&#8221;Brunn am Gebirge, \u00d6sterreich&#8221; zoom_level=&#8221;12&#8243; address_lat=&#8221;48.09789924921948&#8243; address_lng=&#8221;16.27497784681326&#8243; mouse_wheel=&#8221;off&#8221; mobile_dragging=&#8221;on&#8221; use_grayscale_filter=&#8221;off&#8221;] [et_pb_map_pin title=&#8221;Brunner Vielharmonie&#8221; pin_address=&#8221;Brunn am Gebirge, \u00d6sterreich&#8221; pin_address_lat=&#8221;48.108956&#8243; pin_address_lng=&#8221;16.28538750000007&#8243;] [\/et_pb_map_pin] [\/et_pb_map][\/et_pb_column][\/et_pb_row][\/et_pb_section]<\/p>\n","protected":false},"excerpt":{"rendered":"<p>Brunner Vielharmonie Der Verein &#8220;Brunner Vielharmonie&#8221; wurde am 30. M\u00e4rz 1999 in Brunn am Gebirge gegr\u00fcndet. Sein erster Obmann war Axel Ramerseder, sein erster musikalischer Leiter\u00a0Dr. Fritz Kranzelmayer. Der junge Verein gab sein Deb\u00fctkonzert\u00a0am 15. November 1999 im damaligen Festsaal der Marktgemeinde Brunn. In der nunmehr 17-j\u00e4hrigen Geschichte des Vereins gab es mehrere Obmannwechsel: ab [&hellip;]<\/p>\n","protected":false},"author":2,"featured_media":0,"parent":0,"menu_order":0,"comment_status":"closed","ping_status":"closed","template":"","meta":{"_et_pb_use_builder":"on","_et_pb_old_content":"","_et_gb_content_width":""},"amp_enabled":true,"_links":{"self":[{"href":"http:\/\/www.brunnervielharmonie.at\/index.php?rest_route=\/wp\/v2\/pages\/127"}],"collection":[{"href":"http:\/\/www.brunnervielharmonie.at\/index.php?rest_route=\/wp\/v2\/pages"}],"about":[{"href":"http:\/\/www.brunnervielharmonie.at\/index.php?rest_route=\/wp\/v2\/types\/page"}],"author":[{"embeddable":true,"href":"http:\/\/www.brunnervielharmonie.at\/index.php?rest_route=\/wp\/v2\/users\/2"}],"replies":[{"embeddable":true,"href":"http:\/\/www.brunnervielharmonie.at\/index.php?rest_route=%2Fwp%2Fv2%2Fcomments&post=127"}],"version-history":[{"count":65,"href":"http:\/\/www.brunnervielharmonie.at\/index.php?rest_route=\/wp\/v2\/pages\/127\/revisions"}],"predecessor-version":[{"id":657,"href":"http:\/\/www.brunnervielharmonie.at\/index.php?rest_route=\/wp\/v2\/pages\/127\/revisions\/657"}],"wp:attachment":[{"href":"http:\/\/www.brunnervielharmonie.at\/index.php?rest_route=%2Fwp%2Fv2%2Fmedia&parent=127"}],"curies":[{"name":"wp","href":"https:\/\/api.w.org\/{rel}","templated":true}]}}